{"id":966,"date":"2020-03-23T11:50:13","date_gmt":"2020-03-23T09:50:13","guid":{"rendered":"https:\/\/leht.veebikoda.com\/tere-tulemast-riina-korter-hotelli-sautensis\/"},"modified":"2024-02-29T09:10:08","modified_gmt":"2024-02-29T07:10:08","slug":"tere-tulemast-riina-korter-hotelli-sautensis","status":"publish","type":"page","link":"https:\/\/apparthotel-riina.eu\/et\/","title":{"rendered":"Tere tulemast RIINA korter-hotelli Sautensis"},"content":{"rendered":"\t\t<div data-elementor-type=\"wp-page\" data-elementor-id=\"966\" class=\"elementor elementor-966 elementor-79\" data-elementor-settings=\"{&quot;ha_cmc_init_switcher&quot;:&quot;no&quot;}\">\n\t\t\t\t\t\t<section class=\"elementor-section elementor-top-section elementor-element elementor-element-7f74c58 elementor-section-stretched elementor-section-height-min-height elementor-section-boxed elementor-section-height-default elementor-section-items-middle elementor-invisible\" data-id=\"7f74c58\" data-element_type=\"section\" data-e-type=\"section\" data-settings=\"{&quot;stretch_section&quot;:&quot;section-stretched&quot;,&quot;background_background&quot;:&quot;classic&quot;,&quot;animation&quot;:&quot;fadeIn&quot;,&quot;_ha_eqh_enable&quot;:false}\">\n\t\t\t\t\t\t\t<div class=\"elementor-background-overlay\"><\/div>\n\t\t\t\t\t\t\t<div class=\"elementor-container elementor-column-gap-no\">\n\t\t\t\t\t<div class=\"elementor-column elementor-col-100 elementor-top-column elementor-element elementor-element-0f7ed49\" data-id=\"0f7ed49\" data-element_type=\"column\" data-e-type=\"column\" data-settings=\"{&quot;background_background&quot;:&quot;classic&quot;}\">\n\t\t\t<div class=\"elementor-widget-wrap elementor-element-populated\">\n\t\t\t\t\t\t<div class=\"elementor-element elementor-element-2fa79dc elementor-invisible elementor-widget elementor-widget-heading\" data-id=\"2fa79dc\" data-element_type=\"widget\" data-e-type=\"widget\" data-settings=\"{&quot;_animation&quot;:&quot;fadeInLeft&quot;}\" data-widget_type=\"heading.default\">\n\t\t\t\t<div class=\"elementor-widget-container\">\n\t\t\t\t\t<h1 class=\"elementor-heading-title elementor-size-default\">Tere tulemast Apparthotel RIINAsse Sautensis!<\/h1>\t\t\t\t<\/div>\n\t\t\t\t<\/div>\n\t\t\t\t<div class=\"elementor-element elementor-element-8b5e400 elementor-invisible elementor-widget elementor-widget-heading\" data-id=\"8b5e400\" data-element_type=\"widget\" data-e-type=\"widget\" data-settings=\"{&quot;_animation&quot;:&quot;fadeInRight&quot;}\" data-widget_type=\"heading.default\">\n\t\t\t\t<div class=\"elementor-widget-container\">\n\t\t\t\t\t<h3 class=\"elementor-heading-title elementor-size-default\">Meie maja asub v\u00e4ikese Sautensi (800 m k\u00f5rguse) k\u00fcla serval, \u00d6tztal oru alguses, v\u00e4ga vaikses kohas, vaid m\u00e4gij\u00f5e kohin paitab k\u00f5rvu. Sautensi k\u00fclas on m\u00f5ned pubid ja restoranid, v\u00e4ike toidupood ja isegi sularaha-automaat.<\/h3>\t\t\t\t<\/div>\n\t\t\t\t<\/div>\n\t\t\t\t<div class=\"elementor-element elementor-element-e5b32ac elementor-mobile-align-center elementor-align-center elementor-invisible elementor-widget elementor-widget-button\" data-id=\"e5b32ac\" data-element_type=\"widget\" data-e-type=\"widget\" data-settings=\"{&quot;_animation&quot;:&quot;fadeInUp&quot;}\" data-widget_type=\"button.default\">\n\t\t\t\t<div class=\"elementor-widget-container\">\n\t\t\t\t\t\t\t\t\t<div class=\"elementor-button-wrapper\">\n\t\t\t\t\t<a class=\"elementor-button elementor-button-link elementor-size-sm\" href=\"http:\/\/apparthotel-riina.eu\/et\/kontakt\/#book\">\n\t\t\t\t\t\t<span class=\"elementor-button-content-wrapper\">\n\t\t\t\t\t\t\t\t\t<span class=\"elementor-button-text\">Broneeri korter &raquo;<\/span>\n\t\t\t\t\t<\/span>\n\t\t\t\t\t<\/a>\n\t\t\t\t<\/div>\n\t\t\t\t\t\t\t\t<\/div>\n\t\t\t\t<\/div>\n\t\t\t\t\t<\/div>\n\t\t<\/div>\n\t\t\t\t\t<\/div>\n\t\t<\/section>\n\t\t\t\t<section class=\"elementor-section elementor-top-section elementor-element elementor-element-fcdf616 elementor-section-boxed elementor-section-height-default elementor-section-height-default\" data-id=\"fcdf616\" data-element_type=\"section\" data-e-type=\"section\" data-settings=\"{&quot;_ha_eqh_enable&quot;:false}\">\n\t\t\t\t\t\t<div class=\"elementor-container elementor-column-gap-default\">\n\t\t\t\t\t<div class=\"elementor-column elementor-col-33 elementor-top-column elementor-element elementor-element-2bd37b3\" data-id=\"2bd37b3\" data-element_type=\"column\" data-e-type=\"column\">\n\t\t\t<div class=\"elementor-widget-wrap elementor-element-populated\">\n\t\t\t\t\t\t<div class=\"elementor-element elementor-element-9ed1229 elementor-position-top elementor-widget elementor-widget-image-box\" data-id=\"9ed1229\" data-element_type=\"widget\" data-e-type=\"widget\" data-widget_type=\"image-box.default\">\n\t\t\t\t<div class=\"elementor-widget-container\">\n\t\t\t\t\t<div class=\"elementor-image-box-wrapper\"><figure class=\"elementor-image-box-img\"><a href=\"http:\/\/apparthotel-riina.eu\/et\/smaragd\/\" tabindex=\"-1\"><img fetchpriority=\"high\" decoding=\"async\" width=\"400\" height=\"300\" src=\"https:\/\/apparthotel-riina.eu\/wp-content\/uploads\/2020\/03\/smaragd.jpg\" class=\"attachment-full size-full wp-image-787\" alt=\"K\u00fclaliskorter Smaragd teisel korrusel 2-le (max. 4-le) inimesele, 42 m2\" title=\"\" srcset=\"https:\/\/apparthotel-riina.eu\/wp-content\/uploads\/2020\/03\/smaragd.jpg 400w, https:\/\/apparthotel-riina.eu\/wp-content\/uploads\/2020\/03\/smaragd-300x225.jpg 300w\" sizes=\"(max-width: 400px) 100vw, 400px\" \/><\/a><\/figure><div class=\"elementor-image-box-content\"><h3 class=\"elementor-image-box-title\"><a href=\"http:\/\/apparthotel-riina.eu\/et\/smaragd\/\">K\u00fclaliskorter Smaragd<\/a><\/h3><p class=\"elementor-image-box-description\">teisel korrusel 2-le (max. 4-le) inimesele, 42 m2<\/p><\/div><\/div>\t\t\t\t<\/div>\n\t\t\t\t<\/div>\n\t\t\t\t\t<\/div>\n\t\t<\/div>\n\t\t\t\t<div class=\"elementor-column elementor-col-33 elementor-top-column elementor-element elementor-element-9b69a65\" data-id=\"9b69a65\" data-element_type=\"column\" data-e-type=\"column\">\n\t\t\t<div class=\"elementor-widget-wrap elementor-element-populated\">\n\t\t\t\t\t\t<div class=\"elementor-element elementor-element-cfe4899 elementor-position-top elementor-widget elementor-widget-image-box\" data-id=\"cfe4899\" data-element_type=\"widget\" data-e-type=\"widget\" data-widget_type=\"image-box.default\">\n\t\t\t\t<div class=\"elementor-widget-container\">\n\t\t\t\t\t<div class=\"elementor-image-box-wrapper\"><figure class=\"elementor-image-box-img\"><a href=\"http:\/\/apparthotel-riina.eu\/et\/rubin\/\" tabindex=\"-1\"><img decoding=\"async\" width=\"400\" height=\"300\" src=\"https:\/\/apparthotel-riina.eu\/wp-content\/uploads\/2020\/03\/rubin.jpg\" class=\"attachment-full size-full wp-image-781\" alt=\"K\u00fclaliskorter Rubin teisel korrusel 2 + 2-le (max. 6-le) inimesele, 49 m2\" title=\"\" srcset=\"https:\/\/apparthotel-riina.eu\/wp-content\/uploads\/2020\/03\/rubin.jpg 400w, https:\/\/apparthotel-riina.eu\/wp-content\/uploads\/2020\/03\/rubin-300x225.jpg 300w\" sizes=\"(max-width: 400px) 100vw, 400px\" \/><\/a><\/figure><div class=\"elementor-image-box-content\"><h3 class=\"elementor-image-box-title\"><a href=\"http:\/\/apparthotel-riina.eu\/et\/rubin\/\">K\u00fclaliskorter Rubin<\/a><\/h3><p class=\"elementor-image-box-description\">teisel korrusel 2 + 2-le (max. 6-le) inimesele, 49 m2<\/p><\/div><\/div>\t\t\t\t<\/div>\n\t\t\t\t<\/div>\n\t\t\t\t\t<\/div>\n\t\t<\/div>\n\t\t\t\t<div class=\"elementor-column elementor-col-33 elementor-top-column elementor-element elementor-element-cfd8d13\" data-id=\"cfd8d13\" data-element_type=\"column\" data-e-type=\"column\">\n\t\t\t<div class=\"elementor-widget-wrap elementor-element-populated\">\n\t\t\t\t\t\t<div class=\"elementor-element elementor-element-38f37a7 elementor-position-top elementor-widget elementor-widget-image-box\" data-id=\"38f37a7\" data-element_type=\"widget\" data-e-type=\"widget\" data-widget_type=\"image-box.default\">\n\t\t\t\t<div class=\"elementor-widget-container\">\n\t\t\t\t\t<div class=\"elementor-image-box-wrapper\"><figure class=\"elementor-image-box-img\"><a href=\"http:\/\/apparthotel-riina.eu\/et\/topaz\/\" tabindex=\"-1\"><img decoding=\"async\" width=\"400\" height=\"300\" src=\"https:\/\/apparthotel-riina.eu\/wp-content\/uploads\/2020\/03\/topaz.jpg\" class=\"attachment-full size-full wp-image-790\" alt=\"K\u00fclaliskorter Topaz teisel korrusel 2-le (max. 5-le) inimesele, 45 m2\" title=\"\" srcset=\"https:\/\/apparthotel-riina.eu\/wp-content\/uploads\/2020\/03\/topaz.jpg 400w, https:\/\/apparthotel-riina.eu\/wp-content\/uploads\/2020\/03\/topaz-300x225.jpg 300w\" sizes=\"(max-width: 400px) 100vw, 400px\" \/><\/a><\/figure><div class=\"elementor-image-box-content\"><h3 class=\"elementor-image-box-title\"><a href=\"http:\/\/apparthotel-riina.eu\/et\/topaz\/\">K\u00fclaliskorter Topaz<\/a><\/h3><p class=\"elementor-image-box-description\">teisel korrusel 2-le (max. 5-le) inimesele, 45 m2<\/p><\/div><\/div>\t\t\t\t<\/div>\n\t\t\t\t<\/div>\n\t\t\t\t\t<\/div>\n\t\t<\/div>\n\t\t\t\t\t<\/div>\n\t\t<\/section>\n\t\t\t\t<section class=\"elementor-section elementor-top-section elementor-element elementor-element-9349586 elementor-section-boxed elementor-section-height-default elementor-section-height-default\" data-id=\"9349586\" data-element_type=\"section\" data-e-type=\"section\" data-settings=\"{&quot;_ha_eqh_enable&quot;:false}\">\n\t\t\t\t\t\t<div class=\"elementor-container elementor-column-gap-default\">\n\t\t\t\t\t<div class=\"elementor-column elementor-col-33 elementor-top-column elementor-element elementor-element-a74bb75\" data-id=\"a74bb75\" data-element_type=\"column\" data-e-type=\"column\">\n\t\t\t<div class=\"elementor-widget-wrap elementor-element-populated\">\n\t\t\t\t\t\t<div class=\"elementor-element elementor-element-4ae09ef elementor-position-top elementor-widget elementor-widget-image-box\" data-id=\"4ae09ef\" data-element_type=\"widget\" data-e-type=\"widget\" data-widget_type=\"image-box.default\">\n\t\t\t\t<div class=\"elementor-widget-container\">\n\t\t\t\t\t<div class=\"elementor-image-box-wrapper\"><figure class=\"elementor-image-box-img\"><a href=\"http:\/\/apparthotel-riina.eu\/et\/saphir\/\" tabindex=\"-1\"><img loading=\"lazy\" decoding=\"async\" width=\"400\" height=\"300\" src=\"https:\/\/apparthotel-riina.eu\/wp-content\/uploads\/2020\/03\/saphir.jpg\" class=\"attachment-full size-full wp-image-784\" alt=\"K\u00fclaliskorter Saphir teisel korrusel 2-le (max. 4-le) inimesele, 47 m2\" title=\"\" srcset=\"https:\/\/apparthotel-riina.eu\/wp-content\/uploads\/2020\/03\/saphir.jpg 400w, https:\/\/apparthotel-riina.eu\/wp-content\/uploads\/2020\/03\/saphir-300x225.jpg 300w\" sizes=\"(max-width: 400px) 100vw, 400px\" \/><\/a><\/figure><div class=\"elementor-image-box-content\"><h3 class=\"elementor-image-box-title\"><a href=\"http:\/\/apparthotel-riina.eu\/et\/saphir\/\">K\u00fclaliskorter Saphir<\/a><\/h3><p class=\"elementor-image-box-description\">teisel korrusel 2-le (max. 4-le) inimesele, 47 m2<\/p><\/div><\/div>\t\t\t\t<\/div>\n\t\t\t\t<\/div>\n\t\t\t\t\t<\/div>\n\t\t<\/div>\n\t\t\t\t<div class=\"elementor-column elementor-col-33 elementor-top-column elementor-element elementor-element-2c6d2b8\" data-id=\"2c6d2b8\" data-element_type=\"column\" data-e-type=\"column\">\n\t\t\t<div class=\"elementor-widget-wrap elementor-element-populated\">\n\t\t\t\t\t\t<div class=\"elementor-element elementor-element-304e70a elementor-position-top elementor-widget elementor-widget-image-box\" data-id=\"304e70a\" data-element_type=\"widget\" data-e-type=\"widget\" data-widget_type=\"image-box.default\">\n\t\t\t\t<div class=\"elementor-widget-container\">\n\t\t\t\t\t<div class=\"elementor-image-box-wrapper\"><figure class=\"elementor-image-box-img\"><a href=\"http:\/\/apparthotel-riina.eu\/et\/ametyst\/\" tabindex=\"-1\"><img loading=\"lazy\" decoding=\"async\" width=\"400\" height=\"300\" src=\"https:\/\/apparthotel-riina.eu\/wp-content\/uploads\/2020\/03\/ametyst-1.jpg\" class=\"attachment-full size-full wp-image-865\" alt=\"K\u00fclaliskorter Ametyst esimesel korrusel 4-le (max. 6-le) inimesele, 75 m2\" title=\"\" srcset=\"https:\/\/apparthotel-riina.eu\/wp-content\/uploads\/2020\/03\/ametyst-1.jpg 400w, https:\/\/apparthotel-riina.eu\/wp-content\/uploads\/2020\/03\/ametyst-1-300x225.jpg 300w\" sizes=\"(max-width: 400px) 100vw, 400px\" \/><\/a><\/figure><div class=\"elementor-image-box-content\"><h3 class=\"elementor-image-box-title\"><a href=\"http:\/\/apparthotel-riina.eu\/et\/ametyst\/\">K\u00fclaliskorter Ametyst<\/a><\/h3><p class=\"elementor-image-box-description\">esimesel korrusel 4-le (max. 6-le) inimesele, 75 m2<\/p><\/div><\/div>\t\t\t\t<\/div>\n\t\t\t\t<\/div>\n\t\t\t\t\t<\/div>\n\t\t<\/div>\n\t\t\t\t<div class=\"elementor-column elementor-col-33 elementor-top-column elementor-element elementor-element-c65995b\" data-id=\"c65995b\" data-element_type=\"column\" data-e-type=\"column\">\n\t\t\t<div class=\"elementor-widget-wrap\">\n\t\t\t\t\t\t\t<\/div>\n\t\t<\/div>\n\t\t\t\t\t<\/div>\n\t\t<\/section>\n\t\t\t\t<section class=\"elementor-section elementor-top-section elementor-element elementor-element-494dec2 elementor-section-boxed elementor-section-height-default elementor-section-height-default\" data-id=\"494dec2\" data-element_type=\"section\" data-e-type=\"section\" data-settings=\"{&quot;_ha_eqh_enable&quot;:false}\">\n\t\t\t\t\t\t<div class=\"elementor-container elementor-column-gap-default\">\n\t\t\t\t\t<div class=\"elementor-column elementor-col-50 elementor-top-column elementor-element elementor-element-c9ef586\" data-id=\"c9ef586\" data-element_type=\"column\" data-e-type=\"column\">\n\t\t\t<div class=\"elementor-widget-wrap elementor-element-populated\">\n\t\t\t\t\t\t<div class=\"elementor-element elementor-element-d369728 elementor-widget elementor-widget-text-editor\" data-id=\"d369728\" data-element_type=\"widget\" data-e-type=\"widget\" data-widget_type=\"text-editor.default\">\n\t\t\t\t<div class=\"elementor-widget-container\">\n\t\t\t\t\t\t\t\t\t<p><strong>S\u00f5ltumata kas teile meeldib puhata talvel v\u00f5i suvel, \u00d6tztal regioon pakub rohkelt v\u00f5imalusi aktiivseks puhkuseks \u2013 rattas\u00f5it, m\u00e4gimatkamine, m\u00e4gij\u00f5gedel kummipaadi v\u00f5i kajakiga aerutamine ning talvel nii murdmaa kui ka m\u00e4esuusatamine!<\/strong><\/p>\n<p>Suured m\u00e4esuusa keskused nagu S\u00f6lden ja K\u00fchtai on vaid 45 min autos\u00f5idu kaugusel, kodum\u00e4gi Hochoetz vaid 10 min kaugusel, ka Ladis-Fiss ja St.Anton on l\u00e4hedal.<\/p>\n<p>Raftinguga v\u00f5ite alustada otse Sautensi k\u00fclast, rohkem vee-ekstreemsusi saate kogeda Area47-s.<\/p>\n\t\t\t\t\t\t\t\t<\/div>\n\t\t\t\t<\/div>\n\t\t\t\t\t<\/div>\n\t\t<\/div>\n\t\t\t\t<div class=\"elementor-column elementor-col-50 elementor-top-column elementor-element elementor-element-5817abb\" data-id=\"5817abb\" data-element_type=\"column\" data-e-type=\"column\">\n\t\t\t<div class=\"elementor-widget-wrap elementor-element-populated\">\n\t\t\t\t\t\t<div class=\"elementor-element elementor-element-108d0b3 elementor-widget elementor-widget-text-editor\" data-id=\"108d0b3\" data-element_type=\"widget\" data-e-type=\"widget\" data-widget_type=\"text-editor.default\">\n\t\t\t\t<div class=\"elementor-widget-container\">\n\t\t\t\t\t\t\t\t\t<p><strong>Meie majas on teil valida viie erineva korteri vahel. <\/strong><\/p>\n<p>Igas korteris on eraldi magamis- ja elutoad, samuti hea varustusega k\u00f6\u00f6k, elutoas Sat-TV, loomulikult on olemas ka k\u00f5ik r\u00e4tid-linad. Igal korteril on oma r\u00f5du, kus on lubatud ka suitsetada (majas on see keeletud).<\/p>\n<p>Lisaks saate nautida m\u00e4gede h\u00f5ngu ja Ache k\u00e4restikuj\u00f5e kohinat meie suurel terassil. <br>Net \u00fchenduse tagab vaba WiFi kogu majas.<br><br>V\u00f5imalus on laadida elektri autot Type2 \u00fchendusega, hind vastavalt kulutatud v\u00f5imsusele.<br><\/p>\n<p>Arveldame sularahas, kaardimakseid ei aksepteeri.<\/p>\n<p>Perekond Ingelman ootab teid oma k\u00fclalisteks!<\/p>\t\t\t\t\t\t\t\t<\/div>\n\t\t\t\t<\/div>\n\t\t\t\t\t<\/div>\n\t\t<\/div>\n\t\t\t\t\t<\/div>\n\t\t<\/section>\n\t\t\t\t<\/div>\n\t\t","protected":false},"excerpt":{"rendered":"<p>Tere tulemast Apparthotel RIINAsse Sautensis! Meie maja asub v\u00e4ikese Sautensi (800 m k\u00f5rguse) k\u00fcla serval, \u00d6tztal oru alguses, v\u00e4ga vaikses kohas, vaid m\u00e4gij\u00f5e kohin paitab k\u00f5rvu. Sautensi k\u00fclas on m\u00f5ned pubid ja restoranid, v\u00e4ike toidupood ja isegi sularaha-automaat. Broneeri korter &raquo; K\u00fclaliskorter Smaragd teisel korrusel 2-le (max. 4-le) inimesele, 42 m2 K\u00fclaliskorter Rubin teisel korrusel [&hellip;]<\/p>\n","protected":false},"author":100010011,"featured_media":0,"parent":0,"menu_order":0,"comment_status":"closed","ping_status":"closed","template":"","meta":{"site-sidebar-layout":"no-sidebar","site-content-layout":"page-builder","ast-site-content-layout":"default","site-content-style":"default","site-sidebar-style":"default","ast-global-header-display":"","ast-banner-title-visibility":"","ast-main-header-display":"","ast-hfb-above-header-display":"","ast-hfb-below-header-display":"","ast-hfb-mobile-header-display":"","site-post-title":"disabled","ast-breadcrumbs-content":"","ast-featured-img":"disabled","footer-sml-layout":"","ast-disable-related-posts":"","theme-transparent-header-meta":"default","adv-header-id-meta":"","stick-header-meta":"default","header-above-stick-meta":"","header-main-stick-meta":"","header-below-stick-meta":"","astra-migrate-meta-layouts":"default","ast-page-background-enabled":"default","ast-page-background-meta":{"desktop":{"background-color":"","background-image":"","background-repeat":"repeat","background-position":"center center","background-size":"auto","background-attachment":"scroll","background-type":"","background-media":"","overlay-type":"","overlay-color":"","overlay-opacity":"","overlay-gradient":""},"tablet":{"background-color":"","background-image":"","background-repeat":"repeat","background-position":"center center","background-size":"auto","background-attachment":"scroll","background-type":"","background-media":"","overlay-type":"","overlay-color":"","overlay-opacity":"","overlay-gradient":""},"mobile":{"background-color":"","background-image":"","background-repeat":"repeat","background-position":"center center","background-size":"auto","background-attachment":"scroll","background-type":"","background-media":"","overlay-type":"","overlay-color":"","overlay-opacity":"","overlay-gradient":""}},"ast-content-background-meta":{"desktop":{"background-color":"var(--ast-global-color-5)","background-image":"","background-repeat":"repeat","background-position":"center center","background-size":"auto","background-attachment":"scroll","background-type":"","background-media":"","overlay-type":"","overlay-color":"","overlay-opacity":"","overlay-gradient":""},"tablet":{"background-color":"var(--ast-global-color-5)","background-image":"","background-repeat":"repeat","background-position":"center center","background-size":"auto","background-attachment":"scroll","background-type":"","background-media":"","overlay-type":"","overlay-color":"","overlay-opacity":"","overlay-gradient":""},"mobile":{"background-color":"var(--ast-global-color-5)","background-image":"","background-repeat":"repeat","background-position":"center center","background-size":"auto","background-attachment":"scroll","background-type":"","background-media":"","overlay-type":"","overlay-color":"","overlay-opacity":"","overlay-gradient":""}},"footnotes":""},"class_list":["post-966","page","type-page","status-publish","hentry"],"_links":{"self":[{"href":"https:\/\/apparthotel-riina.eu\/et\/wp-json\/wp\/v2\/pages\/966","targetHints":{"allow":["GET"]}}],"collection":[{"href":"https:\/\/apparthotel-riina.eu\/et\/wp-json\/wp\/v2\/pages"}],"about":[{"href":"https:\/\/apparthotel-riina.eu\/et\/wp-json\/wp\/v2\/types\/page"}],"author":[{"embeddable":true,"href":"https:\/\/apparthotel-riina.eu\/et\/wp-json\/wp\/v2\/users\/100010011"}],"replies":[{"embeddable":true,"href":"https:\/\/apparthotel-riina.eu\/et\/wp-json\/wp\/v2\/comments?post=966"}],"version-history":[{"count":7,"href":"https:\/\/apparthotel-riina.eu\/et\/wp-json\/wp\/v2\/pages\/966\/revisions"}],"predecessor-version":[{"id":1317,"href":"https:\/\/apparthotel-riina.eu\/et\/wp-json\/wp\/v2\/pages\/966\/revisions\/1317"}],"wp:attachment":[{"href":"https:\/\/apparthotel-riina.eu\/et\/wp-json\/wp\/v2\/media?parent=966"}],"curies":[{"name":"wp","href":"https:\/\/api.w.org\/{rel}","templated":true}]}}