{"id":963,"date":"2020-03-23T11:47:06","date_gmt":"2020-03-23T09:47:06","guid":{"rendered":"https:\/\/leht.veebikoda.com\/kuelaliskorterid\/"},"modified":"2020-03-23T11:47:07","modified_gmt":"2020-03-23T09:47:07","slug":"kuelaliskorterid","status":"publish","type":"page","link":"https:\/\/apparthotel-riina.eu\/et\/kuelaliskorterid\/","title":{"rendered":"K\u00fclaliskorterid"},"content":{"rendered":"\t\t<div data-elementor-type=\"wp-page\" data-elementor-id=\"963\" class=\"elementor elementor-963 elementor-543\" data-elementor-settings=\"{&quot;ha_cmc_init_switcher&quot;:&quot;no&quot;}\">\n\t\t\t\t\t\t<section class=\"elementor-section elementor-top-section elementor-element elementor-element-41b22b2 elementor-section-stretched elementor-section-height-min-height elementor-section-boxed elementor-section-height-default elementor-section-items-middle\" data-id=\"41b22b2\" data-element_type=\"section\" data-e-type=\"section\" data-settings=\"{&quot;stretch_section&quot;:&quot;section-stretched&quot;,&quot;background_background&quot;:&quot;classic&quot;,&quot;_ha_eqh_enable&quot;:false}\">\n\t\t\t\t\t\t\t<div class=\"elementor-background-overlay\"><\/div>\n\t\t\t\t\t\t\t<div class=\"elementor-container elementor-column-gap-no\">\n\t\t\t\t\t<div class=\"elementor-column elementor-col-100 elementor-top-column elementor-element elementor-element-1f925339\" data-id=\"1f925339\" data-element_type=\"column\" data-e-type=\"column\">\n\t\t\t<div class=\"elementor-widget-wrap elementor-element-populated\">\n\t\t\t\t\t\t<div class=\"elementor-element elementor-element-477397bb elementor-widget elementor-widget-heading\" data-id=\"477397bb\" data-element_type=\"widget\" data-e-type=\"widget\" data-widget_type=\"heading.default\">\n\t\t\t\t<div class=\"elementor-widget-container\">\n\t\t\t\t\t<h1 class=\"elementor-heading-title elementor-size-default\">K\u00fclaliskorterid<\/h1>\t\t\t\t<\/div>\n\t\t\t\t<\/div>\n\t\t\t\t\t<\/div>\n\t\t<\/div>\n\t\t\t\t\t<\/div>\n\t\t<\/section>\n\t\t\t\t<section class=\"elementor-section elementor-top-section elementor-element elementor-element-bffc24d elementor-section-boxed elementor-section-height-default elementor-section-height-default\" data-id=\"bffc24d\" data-element_type=\"section\" data-e-type=\"section\" data-settings=\"{&quot;_ha_eqh_enable&quot;:false}\">\n\t\t\t\t\t\t<div class=\"elementor-container elementor-column-gap-default\">\n\t\t\t\t\t<div class=\"elementor-column elementor-col-33 elementor-top-column elementor-element elementor-element-5f45899\" data-id=\"5f45899\" data-element_type=\"column\" data-e-type=\"column\">\n\t\t\t<div class=\"elementor-widget-wrap elementor-element-populated\">\n\t\t\t\t\t\t<div class=\"elementor-element elementor-element-5c2e517 elementor-position-top elementor-widget elementor-widget-image-box\" data-id=\"5c2e517\" data-element_type=\"widget\" data-e-type=\"widget\" data-widget_type=\"image-box.default\">\n\t\t\t\t<div class=\"elementor-widget-container\">\n\t\t\t\t\t<div class=\"elementor-image-box-wrapper\"><figure class=\"elementor-image-box-img\"><a href=\"http:\/\/apparthotel-riina.eu\/et\/smaragd\/\" tabindex=\"-1\"><img fetchpriority=\"high\" decoding=\"async\" width=\"400\" height=\"300\" src=\"https:\/\/apparthotel-riina.eu\/wp-content\/uploads\/2020\/03\/smaragd.jpg\" class=\"attachment-full size-full wp-image-787\" alt=\"K\u00fclaliskorter Smaragd teisel korrusel 2-le (max. 4-le) inimesele, 42 m2\" title=\"\" srcset=\"https:\/\/apparthotel-riina.eu\/wp-content\/uploads\/2020\/03\/smaragd.jpg 400w, https:\/\/apparthotel-riina.eu\/wp-content\/uploads\/2020\/03\/smaragd-300x225.jpg 300w\" sizes=\"(max-width: 400px) 100vw, 400px\" \/><\/a><\/figure><div class=\"elementor-image-box-content\"><h3 class=\"elementor-image-box-title\"><a href=\"http:\/\/apparthotel-riina.eu\/et\/smaragd\/\">K\u00fclaliskorter Smaragd<\/a><\/h3><p class=\"elementor-image-box-description\">teisel korrusel 2-le (max. 4-le) inimesele, 42 m2<\/p><\/div><\/div>\t\t\t\t<\/div>\n\t\t\t\t<\/div>\n\t\t\t\t\t<\/div>\n\t\t<\/div>\n\t\t\t\t<div class=\"elementor-column elementor-col-33 elementor-top-column elementor-element elementor-element-f62709e\" data-id=\"f62709e\" data-element_type=\"column\" data-e-type=\"column\">\n\t\t\t<div class=\"elementor-widget-wrap elementor-element-populated\">\n\t\t\t\t\t\t<div class=\"elementor-element elementor-element-d8c4dae elementor-position-top elementor-widget elementor-widget-image-box\" data-id=\"d8c4dae\" data-element_type=\"widget\" data-e-type=\"widget\" data-widget_type=\"image-box.default\">\n\t\t\t\t<div class=\"elementor-widget-container\">\n\t\t\t\t\t<div class=\"elementor-image-box-wrapper\"><figure class=\"elementor-image-box-img\"><a href=\"http:\/\/apparthotel-riina.eu\/et\/rubin\/\" tabindex=\"-1\"><img decoding=\"async\" width=\"400\" height=\"300\" src=\"https:\/\/apparthotel-riina.eu\/wp-content\/uploads\/2020\/03\/rubin.jpg\" class=\"attachment-full size-full wp-image-781\" alt=\"K\u00fclaliskorter Rubin teisel korrusel 2 + 2-le (max. 6-le) inimesele, 49 m2\" title=\"\" srcset=\"https:\/\/apparthotel-riina.eu\/wp-content\/uploads\/2020\/03\/rubin.jpg 400w, https:\/\/apparthotel-riina.eu\/wp-content\/uploads\/2020\/03\/rubin-300x225.jpg 300w\" sizes=\"(max-width: 400px) 100vw, 400px\" \/><\/a><\/figure><div class=\"elementor-image-box-content\"><h3 class=\"elementor-image-box-title\"><a href=\"http:\/\/apparthotel-riina.eu\/et\/rubin\/\">K\u00fclaliskorter Rubin<\/a><\/h3><p class=\"elementor-image-box-description\">teisel korrusel 2 + 2-le (max. 6-le) inimesele, 49 m2<\/p><\/div><\/div>\t\t\t\t<\/div>\n\t\t\t\t<\/div>\n\t\t\t\t\t<\/div>\n\t\t<\/div>\n\t\t\t\t<div class=\"elementor-column elementor-col-33 elementor-top-column elementor-element elementor-element-4bc80ac\" data-id=\"4bc80ac\" data-element_type=\"column\" data-e-type=\"column\">\n\t\t\t<div class=\"elementor-widget-wrap elementor-element-populated\">\n\t\t\t\t\t\t<div class=\"elementor-element elementor-element-6a9f6ff elementor-position-top elementor-widget elementor-widget-image-box\" data-id=\"6a9f6ff\" data-element_type=\"widget\" data-e-type=\"widget\" data-widget_type=\"image-box.default\">\n\t\t\t\t<div class=\"elementor-widget-container\">\n\t\t\t\t\t<div class=\"elementor-image-box-wrapper\"><figure class=\"elementor-image-box-img\"><a href=\"http:\/\/apparthotel-riina.eu\/et\/topaz\/\" tabindex=\"-1\"><img decoding=\"async\" width=\"400\" height=\"300\" src=\"https:\/\/apparthotel-riina.eu\/wp-content\/uploads\/2020\/03\/topaz.jpg\" class=\"attachment-full size-full wp-image-790\" alt=\"K\u00fclaliskorter Topaz teisel korrusel 2-le (max. 5-le) inimesele, 45 m2\" title=\"\" srcset=\"https:\/\/apparthotel-riina.eu\/wp-content\/uploads\/2020\/03\/topaz.jpg 400w, https:\/\/apparthotel-riina.eu\/wp-content\/uploads\/2020\/03\/topaz-300x225.jpg 300w\" sizes=\"(max-width: 400px) 100vw, 400px\" \/><\/a><\/figure><div class=\"elementor-image-box-content\"><h3 class=\"elementor-image-box-title\"><a href=\"http:\/\/apparthotel-riina.eu\/et\/topaz\/\">K\u00fclaliskorter Topaz<\/a><\/h3><p class=\"elementor-image-box-description\">teisel korrusel 2-le (max. 5-le) inimesele, 45 m2<\/p><\/div><\/div>\t\t\t\t<\/div>\n\t\t\t\t<\/div>\n\t\t\t\t\t<\/div>\n\t\t<\/div>\n\t\t\t\t\t<\/div>\n\t\t<\/section>\n\t\t\t\t<section class=\"elementor-section elementor-top-section elementor-element elementor-element-f93a42e elementor-section-boxed elementor-section-height-default elementor-section-height-default\" data-id=\"f93a42e\" data-element_type=\"section\" data-e-type=\"section\" data-settings=\"{&quot;_ha_eqh_enable&quot;:false}\">\n\t\t\t\t\t\t<div class=\"elementor-container elementor-column-gap-default\">\n\t\t\t\t\t<div class=\"elementor-column elementor-col-33 elementor-top-column elementor-element elementor-element-f1ec2b5\" data-id=\"f1ec2b5\" data-element_type=\"column\" data-e-type=\"column\">\n\t\t\t<div class=\"elementor-widget-wrap elementor-element-populated\">\n\t\t\t\t\t\t<div class=\"elementor-element elementor-element-8cfba90 elementor-position-top elementor-widget elementor-widget-image-box\" data-id=\"8cfba90\" data-element_type=\"widget\" data-e-type=\"widget\" data-widget_type=\"image-box.default\">\n\t\t\t\t<div class=\"elementor-widget-container\">\n\t\t\t\t\t<div class=\"elementor-image-box-wrapper\"><figure class=\"elementor-image-box-img\"><a href=\"http:\/\/apparthotel-riina.eu\/et\/saphir\/\" tabindex=\"-1\"><img loading=\"lazy\" decoding=\"async\" width=\"400\" height=\"300\" src=\"https:\/\/apparthotel-riina.eu\/wp-content\/uploads\/2020\/03\/saphir.jpg\" class=\"attachment-full size-full wp-image-784\" alt=\"K\u00fclaliskorter Saphir teisel korrusel 2-le (max. 4-le) inimesele, 47 m2\" title=\"\" srcset=\"https:\/\/apparthotel-riina.eu\/wp-content\/uploads\/2020\/03\/saphir.jpg 400w, https:\/\/apparthotel-riina.eu\/wp-content\/uploads\/2020\/03\/saphir-300x225.jpg 300w\" sizes=\"(max-width: 400px) 100vw, 400px\" \/><\/a><\/figure><div class=\"elementor-image-box-content\"><h3 class=\"elementor-image-box-title\"><a href=\"http:\/\/apparthotel-riina.eu\/et\/saphir\/\">K\u00fclaliskorter Saphir<\/a><\/h3><p class=\"elementor-image-box-description\">teisel korrusel 2-le (max. 4-le) inimesele, 47 m2<\/p><\/div><\/div>\t\t\t\t<\/div>\n\t\t\t\t<\/div>\n\t\t\t\t\t<\/div>\n\t\t<\/div>\n\t\t\t\t<div class=\"elementor-column elementor-col-33 elementor-top-column elementor-element elementor-element-3d4db48\" data-id=\"3d4db48\" data-element_type=\"column\" data-e-type=\"column\">\n\t\t\t<div class=\"elementor-widget-wrap elementor-element-populated\">\n\t\t\t\t\t\t<div class=\"elementor-element elementor-element-8ff3687 elementor-position-top elementor-widget elementor-widget-image-box\" data-id=\"8ff3687\" data-element_type=\"widget\" data-e-type=\"widget\" data-widget_type=\"image-box.default\">\n\t\t\t\t<div class=\"elementor-widget-container\">\n\t\t\t\t\t<div class=\"elementor-image-box-wrapper\"><figure class=\"elementor-image-box-img\"><a href=\"http:\/\/apparthotel-riina.eu\/et\/ametyst\/\" tabindex=\"-1\"><img loading=\"lazy\" decoding=\"async\" width=\"400\" height=\"300\" src=\"https:\/\/apparthotel-riina.eu\/wp-content\/uploads\/2020\/03\/ametyst-1.jpg\" class=\"attachment-full size-full wp-image-865\" alt=\"K\u00fclaliskorter Ametyst esimesel korrusel 4-le (max. 6-le) inimesele, 75 m2\" title=\"\" srcset=\"https:\/\/apparthotel-riina.eu\/wp-content\/uploads\/2020\/03\/ametyst-1.jpg 400w, https:\/\/apparthotel-riina.eu\/wp-content\/uploads\/2020\/03\/ametyst-1-300x225.jpg 300w\" sizes=\"(max-width: 400px) 100vw, 400px\" \/><\/a><\/figure><div class=\"elementor-image-box-content\"><h3 class=\"elementor-image-box-title\"><a href=\"http:\/\/apparthotel-riina.eu\/et\/ametyst\/\">K\u00fclaliskorter Ametyst<\/a><\/h3><p class=\"elementor-image-box-description\">esimesel korrusel 4-le (max. 6-le) inimesele, 75 m2<\/p><\/div><\/div>\t\t\t\t<\/div>\n\t\t\t\t<\/div>\n\t\t\t\t\t<\/div>\n\t\t<\/div>\n\t\t\t\t<div class=\"elementor-column elementor-col-33 elementor-top-column elementor-element elementor-element-4b96adf\" data-id=\"4b96adf\" data-element_type=\"column\" data-e-type=\"column\">\n\t\t\t<div class=\"elementor-widget-wrap\">\n\t\t\t\t\t\t\t<\/div>\n\t\t<\/div>\n\t\t\t\t\t<\/div>\n\t\t<\/section>\n\t\t\t\t<section class=\"elementor-section elementor-top-section elementor-element elementor-element-88a2d94 elementor-section-boxed elementor-section-height-default elementor-section-height-default\" data-id=\"88a2d94\" data-element_type=\"section\" data-e-type=\"section\" data-settings=\"{&quot;_ha_eqh_enable&quot;:false}\">\n\t\t\t\t\t\t<div class=\"elementor-container elementor-column-gap-default\">\n\t\t\t\t\t<div class=\"elementor-column elementor-col-100 elementor-top-column elementor-element elementor-element-7dc9566\" data-id=\"7dc9566\" data-element_type=\"column\" data-e-type=\"column\">\n\t\t\t<div class=\"elementor-widget-wrap elementor-element-populated\">\n\t\t\t\t\t\t<div class=\"elementor-element elementor-element-7f389117 elementor-align-center elementor-widget elementor-widget-button\" data-id=\"7f389117\" data-element_type=\"widget\" data-e-type=\"widget\" data-widget_type=\"button.default\">\n\t\t\t\t<div class=\"elementor-widget-container\">\n\t\t\t\t\t\t\t\t\t<div class=\"elementor-button-wrapper\">\n\t\t\t\t\t<a class=\"elementor-button elementor-button-link elementor-size-sm elementor-animation-grow\" href=\"http:\/\/apparthotel-riina.eu\/et\/kontakt\/\">\n\t\t\t\t\t\t<span class=\"elementor-button-content-wrapper\">\n\t\t\t\t\t\t\t\t\t<span class=\"elementor-button-text\">Broneeri korter &raquo;<\/span>\n\t\t\t\t\t<\/span>\n\t\t\t\t\t<\/a>\n\t\t\t\t<\/div>\n\t\t\t\t\t\t\t\t<\/div>\n\t\t\t\t<\/div>\n\t\t\t\t<div class=\"elementor-element elementor-element-b3fbcc8 ha-image-grid--even elementor-widget elementor-widget-ha-image-grid happy-addon ha-image-grid\" data-id=\"b3fbcc8\" data-element_type=\"widget\" data-e-type=\"widget\" data-settings=\"{&quot;layout&quot;:&quot;even&quot;,&quot;enable_popup&quot;:&quot;yes&quot;}\" data-widget_type=\"ha-image-grid.default\">\n\t\t\t\t<div class=\"elementor-widget-container\">\n\t\t\t\t\t\n\t\t<div class=\"ha-image-grid__wrap hajs-isotope ha-lightbox--has\">\n\t\t\t\t\t\t\t\n\t\t\t\t<a href=\"#\" data-mfp-src=\"https:\/\/apparthotel-riina.eu\/wp-content\/uploads\/2020\/03\/appartment-house-riina-sautens-tirol-oetztal-austria-mountains-004-768x576.jpg\" class=\"ha-image-grid__item ha-js-lightbox __fltr-1\">\n\t\t\t\t\t<img loading=\"lazy\" decoding=\"async\" width=\"768\" height=\"576\" src=\"https:\/\/apparthotel-riina.eu\/wp-content\/uploads\/2020\/03\/appartment-house-riina-sautens-tirol-oetztal-austria-mountains-004-768x576.jpg\" class=\"elementor-animation-grow\" alt=\"House - View from the east balcony\" srcset=\"https:\/\/apparthotel-riina.eu\/wp-content\/uploads\/2020\/03\/appartment-house-riina-sautens-tirol-oetztal-austria-mountains-004-768x576.jpg 768w, https:\/\/apparthotel-riina.eu\/wp-content\/uploads\/2020\/03\/appartment-house-riina-sautens-tirol-oetztal-austria-mountains-004-300x225.jpg 300w, https:\/\/apparthotel-riina.eu\/wp-content\/uploads\/2020\/03\/appartment-house-riina-sautens-tirol-oetztal-austria-mountains-004.jpg 800w\" sizes=\"(max-width: 768px) 100vw, 768px\" title=\"\">\t\t\t\t<\/a>\n\t\t\t\t\t\t\t\n\t\t\t\t<a href=\"#\" data-mfp-src=\"https:\/\/apparthotel-riina.eu\/wp-content\/uploads\/2020\/03\/appartment-house-riina-sautens-tirol-oetztal-austria-mountains-haiking-vacation-holiday-015-768x509.jpg\" class=\"ha-image-grid__item ha-js-lightbox __fltr-1\">\n\t\t\t\t\t<img loading=\"lazy\" decoding=\"async\" width=\"768\" height=\"509\" src=\"https:\/\/apparthotel-riina.eu\/wp-content\/uploads\/2020\/03\/appartment-house-riina-sautens-tirol-oetztal-austria-mountains-haiking-vacation-holiday-015-768x509.jpg\" class=\"elementor-animation-grow\" alt=\"\" srcset=\"https:\/\/apparthotel-riina.eu\/wp-content\/uploads\/2020\/03\/appartment-house-riina-sautens-tirol-oetztal-austria-mountains-haiking-vacation-holiday-015-768x509.jpg 768w, https:\/\/apparthotel-riina.eu\/wp-content\/uploads\/2020\/03\/appartment-house-riina-sautens-tirol-oetztal-austria-mountains-haiking-vacation-holiday-015-300x199.jpg 300w, https:\/\/apparthotel-riina.eu\/wp-content\/uploads\/2020\/03\/appartment-house-riina-sautens-tirol-oetztal-austria-mountains-haiking-vacation-holiday-015.jpg 800w\" sizes=\"(max-width: 768px) 100vw, 768px\" title=\"\">\t\t\t\t<\/a>\n\t\t\t\t\t\t\t\n\t\t\t\t<a href=\"#\" data-mfp-src=\"https:\/\/apparthotel-riina.eu\/wp-content\/uploads\/2020\/03\/appartment-house-riina-sautens-tirol-oetztal-austria-mountains-005-768x576.jpg\" class=\"ha-image-grid__item ha-js-lightbox __fltr-1\">\n\t\t\t\t\t<img loading=\"lazy\" decoding=\"async\" width=\"768\" height=\"576\" src=\"https:\/\/apparthotel-riina.eu\/wp-content\/uploads\/2020\/03\/appartment-house-riina-sautens-tirol-oetztal-austria-mountains-005-768x576.jpg\" class=\"elementor-animation-grow\" alt=\"House - Spring in the garden\" srcset=\"https:\/\/apparthotel-riina.eu\/wp-content\/uploads\/2020\/03\/appartment-house-riina-sautens-tirol-oetztal-austria-mountains-005-768x576.jpg 768w, https:\/\/apparthotel-riina.eu\/wp-content\/uploads\/2020\/03\/appartment-house-riina-sautens-tirol-oetztal-austria-mountains-005-300x225.jpg 300w, https:\/\/apparthotel-riina.eu\/wp-content\/uploads\/2020\/03\/appartment-house-riina-sautens-tirol-oetztal-austria-mountains-005.jpg 800w\" sizes=\"(max-width: 768px) 100vw, 768px\" title=\"\">\t\t\t\t<\/a>\n\t\t\t\t\t\t\t\n\t\t\t\t<a href=\"#\" data-mfp-src=\"https:\/\/apparthotel-riina.eu\/wp-content\/uploads\/2020\/03\/appartment-house-riina-sautens-tirol-oetztal-austria-mountains-haiking-vacation-holiday-010-768x576.jpg\" class=\"ha-image-grid__item ha-js-lightbox __fltr-1\">\n\t\t\t\t\t<img loading=\"lazy\" decoding=\"async\" width=\"768\" height=\"576\" src=\"https:\/\/apparthotel-riina.eu\/wp-content\/uploads\/2020\/03\/appartment-house-riina-sautens-tirol-oetztal-austria-mountains-haiking-vacation-holiday-010-768x576.jpg\" class=\"elementor-animation-grow\" alt=\"Village - View to the Sautens\" srcset=\"https:\/\/apparthotel-riina.eu\/wp-content\/uploads\/2020\/03\/appartment-house-riina-sautens-tirol-oetztal-austria-mountains-haiking-vacation-holiday-010-768x576.jpg 768w, https:\/\/apparthotel-riina.eu\/wp-content\/uploads\/2020\/03\/appartment-house-riina-sautens-tirol-oetztal-austria-mountains-haiking-vacation-holiday-010-300x225.jpg 300w, https:\/\/apparthotel-riina.eu\/wp-content\/uploads\/2020\/03\/appartment-house-riina-sautens-tirol-oetztal-austria-mountains-haiking-vacation-holiday-010.jpg 800w\" sizes=\"(max-width: 768px) 100vw, 768px\" title=\"\">\t\t\t\t<\/a>\n\t\t\t\t\t\t\t\n\t\t\t\t<a href=\"#\" data-mfp-src=\"https:\/\/apparthotel-riina.eu\/wp-content\/uploads\/2020\/03\/appartment-house-riina-sautens-tirol-oetztal-austria-mountains-haiking-vacation-holiday-011-768x576.jpg\" class=\"ha-image-grid__item ha-js-lightbox __fltr-1\">\n\t\t\t\t\t<img loading=\"lazy\" decoding=\"async\" width=\"768\" height=\"576\" src=\"https:\/\/apparthotel-riina.eu\/wp-content\/uploads\/2020\/03\/appartment-house-riina-sautens-tirol-oetztal-austria-mountains-haiking-vacation-holiday-011-768x576.jpg\" class=\"elementor-animation-grow\" alt=\"Village - By the Stuibenfall\" srcset=\"https:\/\/apparthotel-riina.eu\/wp-content\/uploads\/2020\/03\/appartment-house-riina-sautens-tirol-oetztal-austria-mountains-haiking-vacation-holiday-011-768x576.jpg 768w, https:\/\/apparthotel-riina.eu\/wp-content\/uploads\/2020\/03\/appartment-house-riina-sautens-tirol-oetztal-austria-mountains-haiking-vacation-holiday-011-300x225.jpg 300w, https:\/\/apparthotel-riina.eu\/wp-content\/uploads\/2020\/03\/appartment-house-riina-sautens-tirol-oetztal-austria-mountains-haiking-vacation-holiday-011.jpg 800w\" sizes=\"(max-width: 768px) 100vw, 768px\" title=\"\">\t\t\t\t<\/a>\n\t\t\t\t\t\t\t\n\t\t\t\t<a href=\"#\" data-mfp-src=\"https:\/\/apparthotel-riina.eu\/wp-content\/uploads\/2020\/03\/appartment-house-riina-sautens-tirol-oetztal-austria-mountains-haiking-vacation-holiday-012-768x512.jpg\" class=\"ha-image-grid__item ha-js-lightbox __fltr-1\">\n\t\t\t\t\t<img loading=\"lazy\" decoding=\"async\" width=\"768\" height=\"512\" src=\"https:\/\/apparthotel-riina.eu\/wp-content\/uploads\/2020\/03\/appartment-house-riina-sautens-tirol-oetztal-austria-mountains-haiking-vacation-holiday-012-768x512.jpg\" class=\"elementor-animation-grow\" alt=\"Village - On the Hochoetz\" srcset=\"https:\/\/apparthotel-riina.eu\/wp-content\/uploads\/2020\/03\/appartment-house-riina-sautens-tirol-oetztal-austria-mountains-haiking-vacation-holiday-012-768x512.jpg 768w, https:\/\/apparthotel-riina.eu\/wp-content\/uploads\/2020\/03\/appartment-house-riina-sautens-tirol-oetztal-austria-mountains-haiking-vacation-holiday-012-300x200.jpg 300w, https:\/\/apparthotel-riina.eu\/wp-content\/uploads\/2020\/03\/appartment-house-riina-sautens-tirol-oetztal-austria-mountains-haiking-vacation-holiday-012.jpg 800w\" sizes=\"(max-width: 768px) 100vw, 768px\" title=\"\">\t\t\t\t<\/a>\n\t\t\t\t\t<\/div>\n\n\t\t\t\t\t\t<\/div>\n\t\t\t\t<\/div>\n\t\t\t\t\t<\/div>\n\t\t<\/div>\n\t\t\t\t\t<\/div>\n\t\t<\/section>\n\t\t\t\t<\/div>\n\t\t","protected":false},"excerpt":{"rendered":"<p>K\u00fclaliskorterid K\u00fclaliskorter Smaragd teisel korrusel 2-le (max. 4-le) inimesele, 42 m2 K\u00fclaliskorter Rubin teisel korrusel 2 + 2-le (max. 6-le) inimesele, 49 m2 K\u00fclaliskorter Topaz teisel korrusel 2-le (max. 5-le) inimesele, 45 m2 K\u00fclaliskorter Saphir teisel korrusel 2-le (max. 4-le) inimesele, 47 m2 K\u00fclaliskorter Ametyst esimesel korrusel 4-le (max. 6-le) inimesele, 75 m2 Broneeri korter [&hellip;]<\/p>\n","protected":false},"author":100010011,"featured_media":0,"parent":0,"menu_order":0,"comment_status":"closed","ping_status":"closed","template":"","meta":{"site-sidebar-layout":"default","site-content-layout":"","ast-site-content-layout":"default","site-content-style":"default","site-sidebar-style":"default","ast-global-header-display":"","ast-banner-title-visibility":"","ast-main-header-display":"","ast-hfb-above-header-display":"","ast-hfb-below-header-display":"","ast-hfb-mobile-header-display":"","site-post-title":"","ast-breadcrumbs-content":"","ast-featured-img":"","footer-sml-layout":"","ast-disable-related-posts":"","theme-transparent-header-meta":"","adv-header-id-meta":"","stick-header-meta":"","header-above-stick-meta":"","header-main-stick-meta":"","header-below-stick-meta":"","astra-migrate-meta-layouts":"default","ast-page-background-enabled":"default","ast-page-background-meta":{"desktop":{"background-color":"","background-image":"","background-repeat":"repeat","background-position":"center center","background-size":"auto","background-attachment":"scroll","background-type":"","background-media":"","overlay-type":"","overlay-color":"","overlay-opacity":"","overlay-gradient":""},"tablet":{"background-color":"","background-image":"","background-repeat":"repeat","background-position":"center center","background-size":"auto","background-attachment":"scroll","background-type":"","background-media":"","overlay-type":"","overlay-color":"","overlay-opacity":"","overlay-gradient":""},"mobile":{"background-color":"","background-image":"","background-repeat":"repeat","background-position":"center center","background-size":"auto","background-attachment":"scroll","background-type":"","background-media":"","overlay-type":"","overlay-color":"","overlay-opacity":"","overlay-gradient":""}},"ast-content-background-meta":{"desktop":{"background-color":"var(--ast-global-color-5)","background-image":"","background-repeat":"repeat","background-position":"center center","background-size":"auto","background-attachment":"scroll","background-type":"","background-media":"","overlay-type":"","overlay-color":"","overlay-opacity":"","overlay-gradient":""},"tablet":{"background-color":"var(--ast-global-color-5)","background-image":"","background-repeat":"repeat","background-position":"center center","background-size":"auto","background-attachment":"scroll","background-type":"","background-media":"","overlay-type":"","overlay-color":"","overlay-opacity":"","overlay-gradient":""},"mobile":{"background-color":"var(--ast-global-color-5)","background-image":"","background-repeat":"repeat","background-position":"center center","background-size":"auto","background-attachment":"scroll","background-type":"","background-media":"","overlay-type":"","overlay-color":"","overlay-opacity":"","overlay-gradient":""}},"footnotes":""},"class_list":["post-963","page","type-page","status-publish","hentry"],"_links":{"self":[{"href":"https:\/\/apparthotel-riina.eu\/et\/wp-json\/wp\/v2\/pages\/963","targetHints":{"allow":["GET"]}}],"collection":[{"href":"https:\/\/apparthotel-riina.eu\/et\/wp-json\/wp\/v2\/pages"}],"about":[{"href":"https:\/\/apparthotel-riina.eu\/et\/wp-json\/wp\/v2\/types\/page"}],"author":[{"embeddable":true,"href":"https:\/\/apparthotel-riina.eu\/et\/wp-json\/wp\/v2\/users\/100010011"}],"replies":[{"embeddable":true,"href":"https:\/\/apparthotel-riina.eu\/et\/wp-json\/wp\/v2\/comments?post=963"}],"version-history":[{"count":2,"href":"https:\/\/apparthotel-riina.eu\/et\/wp-json\/wp\/v2\/pages\/963\/revisions"}],"predecessor-version":[{"id":965,"href":"https:\/\/apparthotel-riina.eu\/et\/wp-json\/wp\/v2\/pages\/963\/revisions\/965"}],"wp:attachment":[{"href":"https:\/\/apparthotel-riina.eu\/et\/wp-json\/wp\/v2\/media?parent=963"}],"curies":[{"name":"wp","href":"https:\/\/api.w.org\/{rel}","templated":true}]}}